{"id":75,"date":"2011-11-26T15:41:36","date_gmt":"2011-11-26T15:41:36","guid":{"rendered":"http:\/\/vccw.test\/archives\/75"},"modified":"2024-03-25T13:17:53","modified_gmt":"2024-03-25T13:17:53","slug":"abteilung-triathlon-im-tsv-schongau","status":"publish","type":"page","link":"https:\/\/www.schongau-triathlon.de\/?page_id=75","title":{"rendered":"Abteilung Triathlon im TSV Schongau"},"content":{"rendered":"\n<p>Das Triathlon-Team Schongau ist seit 1999 eine Abteilung des TSV Schongau.<br>Ziel ist das Training der Kinder, Jugendlichen und Erwachsenen, sowie die Teilnahme an Wettk\u00e4mpfen. Au\u00dferdem tritt es als Ausrichter der Veranstaltungen in Erscheinung. Zur finanziellen Unterst\u00fctzung wurde 2004 der F\u00f6rderverein gegr\u00fcndet.<\/p>\n\n\n\n<h3>Zahlen und Fakten<\/h3>\n\n\n\n<ul>\n<li>Mitglieder: ca. 90<\/li>\n\n\n\n<li>Startpa\u00dfinhaber: ca. 40<\/li>\n\n\n\n<li>Spartenbeitrag: Kinder\/Jugend 10 Euro, Erwachsene 20 Euro<\/li>\n<\/ul>\n\n\n\n<h3>Vorstand Abteilung Triathlon<\/h3>\n\n\n\n<ul>\n<li>1. Vorstand: Ramona Breunig<\/li>\n\n\n\n<li>2. Vorstand: Karolin Zimmerer<\/li>\n\n\n\n<li>Kassier: Thomas Landes<\/li>\n\n\n\n<li>Schriftf\u00fchrer: Martin Horner <\/li>\n<\/ul>\n\n\n\n<h3>Vorstand TSV Schongau<\/h3>\n\n\n\n<ul>\n<li>Teamvorstand: Anschi Haberstock, Sabine Weith, Maximilian Becher, Peter Mahl<\/li>\n<\/ul>\n\n\n\n<p><span class=\"wiki\">Weitere Informationen zum TSV Schongau unter <\/span><a href=\"http:\/\/www.tsv-schongau.de\">http:\/\/www.tsv-schongau.de<\/a><\/p>\n","protected":false},"excerpt":{"rendered":"<p>Das Triathlon-Team Schongau ist seit 1999 eine Abteilung des TSV Schongau.Ziel ist das Training der Kinder, Jugendlichen und Erwachsenen, sowie die Teilnahme an Wettk\u00e4mpfen. Au\u00dferdem tritt es als Ausrichter der Veranstaltungen in Erscheinung. Zur finanziellen Unterst\u00fctzung wurde 2004 der F\u00f6rderverein gegr\u00fcndet. Zahlen und Fakten Vorstand Abteilung Triathlon Vorstand TSV Schongau Weitere Informationen zum TSV Schongau [&hellip;]<\/p>\n","protected":false},"author":1,"featured_media":0,"parent":0,"menu_order":16,"comment_status":"open","ping_status":"open","template":"","meta":[],"featured_image_urls":{"full":"","thumbnail":"","medium":"","medium_large":"","large":"","1536x1536":"","2048x2048":"","tc-grid-full":"","tc-grid":"","tc-thumb":"","slider-full":"","slider":"","tc-sq-thumb":"","tc-ws-thumb":"","tc-ws-small-thumb":"","tc-slider-small":""},"post_excerpt_stackable":"<p>Das Triathlon-Team Schongau ist seit 1999 eine Abteilung des TSV Schongau.Ziel ist das Training der Kinder, Jugendlichen und Erwachsenen, sowie die Teilnahme an Wettk\u00e4mpfen. Au\u00dferdem tritt es als Ausrichter der Veranstaltungen in Erscheinung. Zur finanziellen Unterst\u00fctzung wurde 2004 der F\u00f6rderverein gegr\u00fcndet. Zahlen und Fakten Mitglieder: ca. 90 Startpa\u00dfinhaber: ca. 40 Spartenbeitrag: Kinder\/Jugend 10 Euro, Erwachsene 20 Euro Vorstand Abteilung Triathlon 1. Vorstand: Ramona Breunig 2. Vorstand: Karolin Zimmerer Kassier: Thomas Landes Schriftf\u00fchrer: Martin Horner Vorstand TSV Schongau Teamvorstand: Anschi Haberstock, Sabine Weith, Maximilian Becher, Peter Mahl Weitere Informationen zum TSV Schongau unter http:\/\/www.tsv-schongau.de<\/p>\n","category_list":"","author_info":{"name":"admin","url":"https:\/\/www.schongau-triathlon.de\/?author=1"},"comments_num":"0 comments","featured_image_urls_v2":{"full":"","thumbnail":"","medium":"","medium_large":"","large":"","1536x1536":"","2048x2048":"","tc-grid-full":"","tc-grid":"","tc-thumb":"","slider-full":"","slider":"","tc-sq-thumb":"","tc-ws-thumb":"","tc-ws-small-thumb":"","tc-slider-small":""},"post_excerpt_stackable_v2":"<p>Das Triathlon-Team Schongau ist seit 1999 eine Abteilung des TSV Schongau.Ziel ist das Training der Kinder, Jugendlichen und Erwachsenen, sowie die Teilnahme an Wettk\u00e4mpfen. Au\u00dferdem tritt es als Ausrichter der Veranstaltungen in Erscheinung. Zur finanziellen Unterst\u00fctzung wurde 2004 der F\u00f6rderverein gegr\u00fcndet. Zahlen und Fakten Mitglieder: ca. 90 Startpa\u00dfinhaber: ca. 40 Spartenbeitrag: Kinder\/Jugend 10 Euro, Erwachsene 20 Euro Vorstand Abteilung Triathlon 1. Vorstand: Ramona Breunig 2. Vorstand: Karolin Zimmerer Kassier: Thomas Landes Schriftf\u00fchrer: Martin Horner Vorstand TSV Schongau Teamvorstand: Anschi Haberstock, Sabine Weith, Maximilian Becher, Peter Mahl Weitere Informationen zum TSV Schongau unter http:\/\/www.tsv-schongau.de<\/p>\n","category_list_v2":"","author_info_v2":{"name":"admin","url":"https:\/\/www.schongau-triathlon.de\/?author=1"},"comments_num_v2":"0 comments","_links":{"self":[{"href":"https:\/\/www.schongau-triathlon.de\/index.php?rest_route=\/wp\/v2\/pages\/75"}],"collection":[{"href":"https:\/\/www.schongau-triathlon.de\/index.php?rest_route=\/wp\/v2\/pages"}],"about":[{"href":"https:\/\/www.schongau-triathlon.de\/index.php?rest_route=\/wp\/v2\/types\/page"}],"author":[{"embeddable":true,"href":"https:\/\/www.schongau-triathlon.de\/index.php?rest_route=\/wp\/v2\/users\/1"}],"replies":[{"embeddable":true,"href":"https:\/\/www.schongau-triathlon.de\/index.php?rest_route=%2Fwp%2Fv2%2Fcomments&post=75"}],"version-history":[{"count":3,"href":"https:\/\/www.schongau-triathlon.de\/index.php?rest_route=\/wp\/v2\/pages\/75\/revisions"}],"predecessor-version":[{"id":2666,"href":"https:\/\/www.schongau-triathlon.de\/index.php?rest_route=\/wp\/v2\/pages\/75\/revisions\/2666"}],"wp:attachment":[{"href":"https:\/\/www.schongau-triathlon.de\/index.php?rest_route=%2Fwp%2Fv2%2Fmedia&parent=75"}],"curies":[{"name":"wp","href":"https:\/\/api.w.org\/{rel}","templated":true}]}}